{"id":88,"date":"2024-06-18T11:24:32","date_gmt":"2024-06-18T11:24:32","guid":{"rendered":"https:\/\/www.serviciosat.es\/?page_id=88"},"modified":"2024-10-23T08:21:30","modified_gmt":"2024-10-23T08:21:30","slug":"aviso-legal","status":"publish","type":"page","link":"http:\/\/www.serviciosat.es\/en\/aviso-legal\/","title":{"rendered":"Legal warning"},"content":{"rendered":"<p><strong>AVISO LEGAL<\/strong><\/p>\n\n\n\n<p><em>En virtud del cumplimiento de la Ley 34\/2002, de 11 de Julio, de Servicios de la Sociedad de la Informaci\u00f3n y de Comercio Electr\u00f3nico, le informamos<\/em><\/p>\n\n\n\n<p><strong>&nbsp;1. Objeto<\/strong><\/p>\n\n\n\n<p><strong>Art. 10 LSSI: <\/strong>www.serviciosat.es &nbsp;es un dominio en internet de titularidad de RA\u00daL MU\u00d1OZ PORRO, con Domicilio Social en PALENCIA (provincia de PALENCIA) y 12755975Z.&nbsp; La empresa consta inscrita en el Dep\u00f3sito de Estatutos de Organismos empresariales, profesional y sindicales de trabajadores de la Junta de Castilla y Le\u00f3n.<\/p>\n\n\n\n<p><strong>Este Aviso Legal regula la utilizaci\u00f3n de dicho dominio.<\/strong><\/p>\n\n\n\n<p>La utilizaci\u00f3n de este sitio web implica la aceptaci\u00f3n por parte del Usuario de las condiciones de uso incluidas en este Aviso como tambi\u00e9n nuestras pol\u00edticas sobre \u2018Protecci\u00f3n de Datos y Privacidad\u2019 y \u2018Pol\u00edtica de uso de Cookies\u2019. En el caso de que ciertos servicios contenidos y\/o herramientas ofrecidos a trav\u00e9s de este \u201cPortal\u201d requirieran de la aplicaci\u00f3n condiciones particulares estas se pondr\u00e1n a disposici\u00f3n del Usuario.<\/p>\n\n\n\n<p>Por otra parte, RA\u00daL MU\u00d1OZ PORRO advierte que, tanto los contenidos y servicios de esta p\u00e1gina web como las propias condiciones de utilizaci\u00f3n, pueden ser modificados sin notificaci\u00f3n previa.<\/p>\n\n\n\n<ol class=\"wp-block-list\" start=\"2\">\n<li><strong>Condiciones de utilizaci\u00f3n.<\/strong><\/li>\n<\/ol>\n\n\n\n<p>El Usuario se compromete a que, en los apartados en que sea necesario que se registre para poder acceder a los mismos, facilitar datos veraces, exactos y completos sobre su identidad. Adem\u00e1s, se compromete a mantener actualizados los datos personales que pudieran ser proporcionados a titular del dominio, por lo tanto, \u00fanico responsable de las falsedades o inexactitudes que realice.<\/p>\n\n\n\n<p>Se informa que en caso de ser menor de edad deber\u00e1 obtener el permiso de sus padres, tutores o representantes legales para poder acceder a los servicios prestados. RA\u00daL MU\u00d1OZ PORRO no se responsabiliza en el caso de que los datos sobre este tema sean inexactos o falsos.<\/p>\n\n\n\n<p>El \u201cportal\u201d s\u00f3lo puede ser utilizado con prop\u00f3sitos legales por tanto el usuario se obliga a hacer un uso l\u00edcito y honrado del portal y conforme a las presentes Condiciones Generales de Uso, a No utilizar los servicios del \u201cportal\u201d para la realizaci\u00f3n de actividades contrarias a las legislaci\u00f3n espa\u00f1ola, a la moral y al orden p\u00fablico, asumiendo por parte del usuario todas las responsabilidades de da\u00f1os y perjuicios frente al titular del dominio o terceros que pudieran derivarse de pr\u00e1cticas ilegales o no permitidas entres otras y a t\u00edtulo enunciativo y no limitativo:<\/p>\n\n\n\n<ul class=\"wp-block-list\">\n<li>Realizar sin previo consentimiento por parte del titular del dominio cualquier manipulaci\u00f3n o alteraci\u00f3n de esta p\u00e1gina, no asumiendo el titular del dominio ninguna responsabilidad que pudiera derivarse, de dicha manipulaci\u00f3n o alteraci\u00f3n por terceros<\/li>\n\n\n\n<li>Realizar cualquier acto que pueda da\u00f1ar, inutilizar, sobrecargar, o deteriorar el Portal y los servicios y\/o impedir el normal uso y utilizaci\u00f3n por parte de los Usuarios<\/li>\n\n\n\n<li>Introducir y\/o Utilizar programas de ordenador, datos, archivos defectuosos, virus, c\u00f3digo malicioso, equipos inform\u00e1ticos o de telecomunicaciones o cualquier otro, independientemente de su naturaleza que pueda causar da\u00f1os en el Portal, en cualquiera de los servicios, o en cualesquiera activos (f\u00edsicos o l\u00f3gicos) de los sistemas de informaci\u00f3n de titular del dominio<\/li>\n\n\n\n<li>Violar los derechos de terceros a la intimidad, la propia imagen, la protecci\u00f3n de datos al secreto en las comunicaciones, a la propiedad intelectual e industrial.<\/li>\n\n\n\n<li>Ocultar y falsear el origen de mensajes de correo electr\u00f3nico<\/li>\n\n\n\n<li>Utilizar identidades falsas, suplantar la identidad de otros en la utilizaci\u00f3n del Portal o en la utilizaci\u00f3n de cualquiera de los servicios<\/li>\n\n\n\n<li>Reproducir, distribuir, modificar o copiar el contenido de esta p\u00e1gina, salvo que de disponga de la autorizaci\u00f3n del titular del dominio o est\u00e9 legalmente autorizado.<\/li>\n\n\n\n<li>Transmitir a terceros no autorizados los nombres de Usuario y las claves de acceso<\/li>\n<\/ul>\n\n\n\n<p>RA\u00daL MU\u00d1OZ PORRO no responde de los Enlaces (LINKS) a otras p\u00e1ginas de Internet de terceros y su existencia no implica que RA\u00daL MU\u00d1OZ PORRO&nbsp;apruebe o acepte sus contenidos y servicios. Estas otras p\u00e1ginas web no est\u00e1n controladas por RA\u00daL MU\u00d1OZ PORRO&nbsp;ni cubiertas por la presente Pol\u00edtica de Privacidad. Si accede a otras p\u00e1ginas web utilizando los enlaces proporcionados, los operadores de dichos sitios web podr\u00e1n recoger su informaci\u00f3n personal. Aseg\u00farese que est\u00e1 conforme con las Pol\u00edticas de Privacidad de estas terceras p\u00e1ginas web antes de facilitar ning\u00fan tipo de informaci\u00f3n personal.<\/p>\n\n\n\n<p>Con car\u00e1cter general, el titular del dominio, excluye su responsabilidad por los da\u00f1os y perjuicios de cualquier naturaleza e \u00edndole que pudieran derivarse del uso del sitio web de, as\u00ed como a los da\u00f1os y perjuicios derivados&nbsp; de la infracci\u00f3n de los derechos de propiedad Intelectual e Industrial por parte de los usuarios y\/o la falta de veracidad, exactitud,&nbsp; y actualidad de los contenidos, ni le podr\u00e1n ser exigidas responsabilidades por la interrupci\u00f3n del servicio, inadecuado funcionamiento o imposibilidad de acceso al servicio.<\/p>\n\n\n\n<p>El titular del dominio no ser\u00e1 responsable por los da\u00f1os y perjuicios causados por la presencia de virus o cualquier otro software lesivo que pueda producir alteraciones en el sistema inform\u00e1tico del Usuario.<\/p>\n\n\n\n<p>El sitio web, incluyendo a t\u00edtulo enunciativo, pero no limitativo, su programaci\u00f3n, dise\u00f1os, logotipos, texto y\/o gr\u00e1ficos son propiedad del prestador o en su caso dispone de licencia o autorizaci\u00f3n expresa por parte de los autores.<\/p>\n\n\n\n<p>Independientemente de la finalidad para la que fueran destinados, la reproducci\u00f3n total o parcial, uso, explotaci\u00f3n, distribuci\u00f3n y comercializaci\u00f3n, requiere en todo caso de la autorizaci\u00f3n escrita previa por parte del titular del dominio.<\/p>\n\n\n\n<p>El usuario se compromete a no realizar ning\u00fan acto en contra de los derechos de propiedad intelectual o industrial del autor.<\/p>\n\n\n\n<p>El prestador autoriza expresamente a que terceros puedan redirigir directamente a los contenidos concretos del sitio web, debiendo en todo caso redirigir al sitio web principal del prestador.<\/p>\n\n\n\n<ol class=\"wp-block-list\" start=\"3\">\n<li><strong>Uso de cookies<\/strong><\/li>\n<\/ol>\n\n\n\n<p>RA\u00daL MU\u00d1OZ PORRO como titular de esta web declara que utiliza procedimientos autom\u00e1ticos de recogida de informaci\u00f3n para guardar el registro de los Usuarios que visitan su p\u00e1gina web. Pulsa aqu\u00ed para acceder en nuestra pol\u00edtica de uso de cookies https:\/\/www.serviciosat.es\/politica-de-cookies<\/p>\n\n\n\n<ol class=\"wp-block-list\" start=\"4\">\n<li><strong>Protecci\u00f3n de datos<\/strong><\/li>\n<\/ol>\n\n\n\n<p>Puede consultar nuestra pol\u00edtica sobre protecci\u00f3n de datos de car\u00e1cter personal al siguiente apartado https:\/\/www.serviciosat.es\/politica-de-privacidad<\/p>\n\n\n\n<ol class=\"wp-block-list\" start=\"5\">\n<li><strong>Legislaci\u00f3n aplicable<\/strong><\/li>\n<\/ol>\n\n\n\n<p>Las presentes Condiciones se regir\u00e1n en todo momento por lo dispuesto en la legislaci\u00f3n espa\u00f1ola.<\/p>","protected":false},"excerpt":{"rendered":"<p>AVISO LEGAL En virtud del cumplimiento de la Ley 34\/2002, de 11 de Julio, de Servicios de la Sociedad de la Informaci\u00f3n y de Comercio Electr\u00f3nico, le informamos &nbsp;1. Objeto Art. 10 LSSI: www.serviciosat.es &nbsp;es un dominio en internet de titularidad de RA\u00daL MU\u00d1OZ PORRO, con Domicilio Social en PALENCIA (provincia de PALENCIA) y 12755975Z.&nbsp; [&hellip;]<\/p>","protected":false},"author":1,"featured_media":0,"parent":0,"menu_order":0,"comment_status":"closed","ping_status":"closed","template":"","meta":{"footnotes":""},"class_list":["post-88","page","type-page","status-publish","hentry"],"yoast_head":"<!-- This site is optimized with the Yoast SEO plugin v25.3.1 - https:\/\/yoast.com\/wordpress\/plugins\/seo\/ -->\n<title>Profesionales en Mantenimiento e Instalaciones<\/title>\n<meta name=\"robots\" content=\"noindex, follow\" \/>\n<meta property=\"og:locale\" content=\"en_GB\" \/>\n<meta property=\"og:type\" content=\"article\" \/>\n<meta property=\"og:title\" content=\"Profesionales en Mantenimiento e Instalaciones\" \/>\n<meta property=\"og:description\" content=\"AVISO LEGAL En virtud del cumplimiento de la Ley 34\/2002, de 11 de Julio, de Servicios de la Sociedad de la Informaci\u00f3n y de Comercio Electr\u00f3nico, le informamos &nbsp;1. Objeto Art. 10 LSSI: www.serviciosat.es &nbsp;es un dominio en internet de titularidad de RA\u00daL MU\u00d1OZ PORRO, con Domicilio Social en PALENCIA (provincia de PALENCIA) y 12755975Z.&nbsp; [&hellip;]\" \/>\n<meta property=\"og:url\" content=\"https:\/\/www.serviciosat.es\/en\/aviso-legal\/\" \/>\n<meta property=\"og:site_name\" content=\"ServicioSat\" \/>\n<meta property=\"article:modified_time\" content=\"2024-10-23T08:21:30+00:00\" \/>\n<meta name=\"twitter:card\" content=\"summary_large_image\" \/>\n<meta name=\"twitter:label1\" content=\"Estimated reading time\" \/>\n\t<meta name=\"twitter:data1\" content=\"5 minutes\" \/>\n<script type=\"application\/ld+json\" class=\"yoast-schema-graph\">{\"@context\":\"https:\/\/schema.org\",\"@graph\":[{\"@type\":\"WebPage\",\"@id\":\"https:\/\/www.serviciosat.es\/aviso-legal\/\",\"url\":\"https:\/\/www.serviciosat.es\/aviso-legal\/\",\"name\":\"Profesionales en Mantenimiento e Instalaciones\",\"isPartOf\":{\"@id\":\"https:\/\/www.serviciosat.es\/#website\"},\"datePublished\":\"2024-06-18T11:24:32+00:00\",\"dateModified\":\"2024-10-23T08:21:30+00:00\",\"breadcrumb\":{\"@id\":\"https:\/\/www.serviciosat.es\/aviso-legal\/#breadcrumb\"},\"inLanguage\":\"en-GB\",\"potentialAction\":[{\"@type\":\"ReadAction\",\"target\":[\"https:\/\/www.serviciosat.es\/aviso-legal\/\"]}]},{\"@type\":\"BreadcrumbList\",\"@id\":\"https:\/\/www.serviciosat.es\/aviso-legal\/#breadcrumb\",\"itemListElement\":[{\"@type\":\"ListItem\",\"position\":1,\"name\":\"Portada\",\"item\":\"https:\/\/www.serviciosat.es\/\"},{\"@type\":\"ListItem\",\"position\":2,\"name\":\"Aviso Legal\"}]},{\"@type\":\"WebSite\",\"@id\":\"https:\/\/www.serviciosat.es\/#website\",\"url\":\"https:\/\/www.serviciosat.es\/\",\"name\":\"SericioSat\",\"description\":\"Profesionales en Mantenimiento e Instalaciones\",\"publisher\":{\"@id\":\"https:\/\/www.serviciosat.es\/#organization\"},\"potentialAction\":[{\"@type\":\"SearchAction\",\"target\":{\"@type\":\"EntryPoint\",\"urlTemplate\":\"https:\/\/www.serviciosat.es\/?s={search_term_string}\"},\"query-input\":{\"@type\":\"PropertyValueSpecification\",\"valueRequired\":true,\"valueName\":\"search_term_string\"}}],\"inLanguage\":\"en-GB\"},{\"@type\":\"Organization\",\"@id\":\"https:\/\/www.serviciosat.es\/#organization\",\"name\":\"SericioSat\",\"url\":\"https:\/\/www.serviciosat.es\/\",\"logo\":{\"@type\":\"ImageObject\",\"inLanguage\":\"en-GB\",\"@id\":\"https:\/\/www.serviciosat.es\/#\/schema\/logo\/image\/\",\"url\":\"https:\/\/www.serviciosat.es\/wp-content\/uploads\/2024\/06\/ServicioSAT2.jpg\",\"contentUrl\":\"https:\/\/www.serviciosat.es\/wp-content\/uploads\/2024\/06\/ServicioSAT2.jpg\",\"width\":473,\"height\":265,\"caption\":\"SericioSat\"},\"image\":{\"@id\":\"https:\/\/www.serviciosat.es\/#\/schema\/logo\/image\/\"}}]}<\/script>\n<!-- \/ Yoast SEO plugin. -->","yoast_head_json":{"title":"Profesionales en Mantenimiento e Instalaciones","robots":{"index":"noindex","follow":"follow"},"og_locale":"en_GB","og_type":"article","og_title":"Profesionales en Mantenimiento e Instalaciones","og_description":"AVISO LEGAL En virtud del cumplimiento de la Ley 34\/2002, de 11 de Julio, de Servicios de la Sociedad de la Informaci\u00f3n y de Comercio Electr\u00f3nico, le informamos &nbsp;1. Objeto Art. 10 LSSI: www.serviciosat.es &nbsp;es un dominio en internet de titularidad de RA\u00daL MU\u00d1OZ PORRO, con Domicilio Social en PALENCIA (provincia de PALENCIA) y 12755975Z.&nbsp; [&hellip;]","og_url":"https:\/\/www.serviciosat.es\/en\/aviso-legal\/","og_site_name":"ServicioSat","article_modified_time":"2024-10-23T08:21:30+00:00","twitter_card":"summary_large_image","twitter_misc":{"Estimated reading time":"5 minutes"},"schema":{"@context":"https:\/\/schema.org","@graph":[{"@type":"WebPage","@id":"https:\/\/www.serviciosat.es\/aviso-legal\/","url":"https:\/\/www.serviciosat.es\/aviso-legal\/","name":"Profesionales en Mantenimiento e Instalaciones","isPartOf":{"@id":"https:\/\/www.serviciosat.es\/#website"},"datePublished":"2024-06-18T11:24:32+00:00","dateModified":"2024-10-23T08:21:30+00:00","breadcrumb":{"@id":"https:\/\/www.serviciosat.es\/aviso-legal\/#breadcrumb"},"inLanguage":"en-GB","potentialAction":[{"@type":"ReadAction","target":["https:\/\/www.serviciosat.es\/aviso-legal\/"]}]},{"@type":"BreadcrumbList","@id":"https:\/\/www.serviciosat.es\/aviso-legal\/#breadcrumb","itemListElement":[{"@type":"ListItem","position":1,"name":"Portada","item":"https:\/\/www.serviciosat.es\/"},{"@type":"ListItem","position":2,"name":"Aviso Legal"}]},{"@type":"WebSite","@id":"https:\/\/www.serviciosat.es\/#website","url":"https:\/\/www.serviciosat.es\/","name":"SericioSat","description":"Profesionales en Mantenimiento e Instalaciones","publisher":{"@id":"https:\/\/www.serviciosat.es\/#organization"},"potentialAction":[{"@type":"SearchAction","target":{"@type":"EntryPoint","urlTemplate":"https:\/\/www.serviciosat.es\/?s={search_term_string}"},"query-input":{"@type":"PropertyValueSpecification","valueRequired":true,"valueName":"search_term_string"}}],"inLanguage":"en-GB"},{"@type":"Organization","@id":"https:\/\/www.serviciosat.es\/#organization","name":"SericioSat","url":"https:\/\/www.serviciosat.es\/","logo":{"@type":"ImageObject","inLanguage":"en-GB","@id":"https:\/\/www.serviciosat.es\/#\/schema\/logo\/image\/","url":"https:\/\/www.serviciosat.es\/wp-content\/uploads\/2024\/06\/ServicioSAT2.jpg","contentUrl":"https:\/\/www.serviciosat.es\/wp-content\/uploads\/2024\/06\/ServicioSAT2.jpg","width":473,"height":265,"caption":"SericioSat"},"image":{"@id":"https:\/\/www.serviciosat.es\/#\/schema\/logo\/image\/"}}]}},"_links":{"self":[{"href":"http:\/\/www.serviciosat.es\/en\/wp-json\/wp\/v2\/pages\/88","targetHints":{"allow":["GET"]}}],"collection":[{"href":"http:\/\/www.serviciosat.es\/en\/wp-json\/wp\/v2\/pages"}],"about":[{"href":"http:\/\/www.serviciosat.es\/en\/wp-json\/wp\/v2\/types\/page"}],"author":[{"embeddable":true,"href":"http:\/\/www.serviciosat.es\/en\/wp-json\/wp\/v2\/users\/1"}],"replies":[{"embeddable":true,"href":"http:\/\/www.serviciosat.es\/en\/wp-json\/wp\/v2\/comments?post=88"}],"version-history":[{"count":2,"href":"http:\/\/www.serviciosat.es\/en\/wp-json\/wp\/v2\/pages\/88\/revisions"}],"predecessor-version":[{"id":328,"href":"http:\/\/www.serviciosat.es\/en\/wp-json\/wp\/v2\/pages\/88\/revisions\/328"}],"wp:attachment":[{"href":"http:\/\/www.serviciosat.es\/en\/wp-json\/wp\/v2\/media?parent=88"}],"curies":[{"name":"wp","href":"https:\/\/api.w.org\/{rel}","templated":true}]}}