{"id":90,"date":"2024-06-18T11:24:40","date_gmt":"2024-06-18T11:24:40","guid":{"rendered":"https:\/\/www.serviciosat.es\/?page_id=90"},"modified":"2024-10-23T08:21:15","modified_gmt":"2024-10-23T08:21:15","slug":"accesibilidad","status":"publish","type":"page","link":"http:\/\/www.serviciosat.es\/en\/accesibilidad\/","title":{"rendered":"Accessibility"},"content":{"rendered":"<p><strong>ACCESIBILIDAD WEB<\/strong><\/p>\n\n\n\n<p><strong>Actualizado 15\/03\/2023<\/strong><\/p>\n\n\n\n<p>RA\u00daL MU\u00d1OZ PORRO <strong>se compromete en hacer accesible su sitio web de conformidad con el&nbsp;<\/strong><a href=\"https:\/\/www.boe.es\/diario_boe\/txt.php?id=BOE-A-2018-12699\"><strong>Real Decreto 1112\/2018<\/strong><\/a><strong>, sobre accesibilidad de los sitios webs y aplicaciones para dispositivos m\u00f3viles del sector p\u00fablico.<\/strong><\/p>\n\n\n\n<p>La presente declaraci\u00f3n de accesibilidad se aplica al sitio web a serviciosat.es<\/p>\n\n\n\n<p><strong>SITUACI\u00d3N DE CUMPLIMIENTO<\/strong><\/p>\n\n\n\n<p>Este sitio web es parcialmente conforme con el&nbsp;<a href=\"https:\/\/www.boe.es\/diario_boe\/txt.php?id=BOE-A-2018-12699\">RD 1112\/2018<\/a>&nbsp;debido a la falta de conformidad de los aspectos que se indican a continuaci\u00f3n.<\/p>\n\n\n\n<p><strong>Contenido no accesible<\/strong><\/p>\n\n\n\n<p>El contenido que se recoge a continuaci\u00f3n no es accesible por lo siguiente:<\/p>\n\n\n\n<p><strong>Falta de conformidad con el RD 1112\/2018<\/strong><\/p>\n\n\n\n<ul class=\"wp-block-list\">\n<li>Se pueden encontrar im\u00e1genes sin que acompa\u00f1e texto explicativo.<\/li>\n\n\n\n<li>Se puede encontrar a\u00fan anidamientos incorrectos de etiquetas.<\/li>\n\n\n\n<li>Podr\u00edan existir fallos de edici\u00f3n en la p\u00e1gina web.<\/li>\n<\/ul>\n\n\n\n<p><strong>Carga desproporcionada<\/strong><\/p>\n\n\n\n<ul class=\"wp-block-list\">\n<li>No aplica.<\/li>\n<\/ul>\n\n\n\n<p><strong>El contenido no entra dentro del \u00e1mbito de la legislaci\u00f3n aplicable.<\/strong><\/p>\n\n\n\n<ul class=\"wp-block-list\">\n<li>Existen archivos ofim\u00e1ticos en PDF que no cumplan en su totalidad todos los requisitos de accesibilidad.<\/li>\n<\/ul>\n\n\n\n<p>La presente declaraci\u00f3n fue preparada el 15 de enero de 2023.<\/p>\n\n\n\n<p>El m\u00e9todo empleado para preparar la declaraci\u00f3n ha sido una autoevaluaci\u00f3n llevada a cabo por el equipo de accesibilidad.<\/p>\n\n\n\n<p>\u00daltima revisi\u00f3n de la declaraci\u00f3n: 12 de enero de 2023.<\/p>\n\n\n\n<p><strong>Observaciones y datos de contacto<\/strong><\/p>\n\n\n\n<p>Puede realizar comunicaciones sobre requisitos de accesibilidad (art\u00edculo 10.2.a) del RD 1112\/2018) como por ejemplo:<\/p>\n\n\n\n<ul class=\"wp-block-list\">\n<li>Informar sobre cualquier posible incumplimiento por parte de este sitio web.<\/li>\n\n\n\n<li>Transmitir otras dificultades de acceso al contenido.<\/li>\n\n\n\n<li>Formular cualquier otra consulta o sugerencia de mejora relativa a la accesibilidad del sitio web.<\/li>\n<\/ul>\n\n\n\n<p>A trav\u00e9s de nuestro buz\u00f3n de sugerencias correo@serviciosat.es<\/p>\n\n\n\n<p>Las comunicaciones ser\u00e1n recibidas y tratadas por el equipo de Accesibilidad.<\/p>","protected":false},"excerpt":{"rendered":"<p>ACCESIBILIDAD WEB Actualizado 15\/03\/2023 RA\u00daL MU\u00d1OZ PORRO se compromete en hacer accesible su sitio web de conformidad con el&nbsp;Real Decreto 1112\/2018, sobre accesibilidad de los sitios webs y aplicaciones para dispositivos m\u00f3viles del sector p\u00fablico. La presente declaraci\u00f3n de accesibilidad se aplica al sitio web a serviciosat.es SITUACI\u00d3N DE CUMPLIMIENTO Este sitio web es parcialmente [&hellip;]<\/p>","protected":false},"author":1,"featured_media":0,"parent":0,"menu_order":0,"comment_status":"closed","ping_status":"closed","template":"","meta":{"footnotes":""},"class_list":["post-90","page","type-page","status-publish","hentry"],"yoast_head":"<!-- This site is optimized with the Yoast SEO plugin v25.3.1 - https:\/\/yoast.com\/wordpress\/plugins\/seo\/ -->\n<title>Profesionales en Mantenimiento e Instalaciones<\/title>\n<meta name=\"robots\" content=\"noindex, follow\" \/>\n<meta property=\"og:locale\" content=\"en_GB\" \/>\n<meta property=\"og:type\" content=\"article\" \/>\n<meta property=\"og:title\" content=\"Profesionales en Mantenimiento e Instalaciones\" \/>\n<meta property=\"og:description\" content=\"ACCESIBILIDAD WEB Actualizado 15\/03\/2023 RA\u00daL MU\u00d1OZ PORRO se compromete en hacer accesible su sitio web de conformidad con el&nbsp;Real Decreto 1112\/2018, sobre accesibilidad de los sitios webs y aplicaciones para dispositivos m\u00f3viles del sector p\u00fablico. La presente declaraci\u00f3n de accesibilidad se aplica al sitio web a serviciosat.es SITUACI\u00d3N DE CUMPLIMIENTO Este sitio web es parcialmente [&hellip;]\" \/>\n<meta property=\"og:url\" content=\"https:\/\/www.serviciosat.es\/en\/accesibilidad\/\" \/>\n<meta property=\"og:site_name\" content=\"ServicioSat\" \/>\n<meta property=\"article:modified_time\" content=\"2024-10-23T08:21:15+00:00\" \/>\n<meta name=\"twitter:card\" content=\"summary_large_image\" \/>\n<meta name=\"twitter:label1\" content=\"Estimated reading time\" \/>\n\t<meta name=\"twitter:data1\" content=\"2 minutes\" \/>\n<script type=\"application\/ld+json\" class=\"yoast-schema-graph\">{\"@context\":\"https:\/\/schema.org\",\"@graph\":[{\"@type\":\"WebPage\",\"@id\":\"https:\/\/www.serviciosat.es\/accesibilidad\/\",\"url\":\"https:\/\/www.serviciosat.es\/accesibilidad\/\",\"name\":\"Profesionales en Mantenimiento e Instalaciones\",\"isPartOf\":{\"@id\":\"https:\/\/www.serviciosat.es\/#website\"},\"datePublished\":\"2024-06-18T11:24:40+00:00\",\"dateModified\":\"2024-10-23T08:21:15+00:00\",\"breadcrumb\":{\"@id\":\"https:\/\/www.serviciosat.es\/accesibilidad\/#breadcrumb\"},\"inLanguage\":\"en-GB\",\"potentialAction\":[{\"@type\":\"ReadAction\",\"target\":[\"https:\/\/www.serviciosat.es\/accesibilidad\/\"]}]},{\"@type\":\"BreadcrumbList\",\"@id\":\"https:\/\/www.serviciosat.es\/accesibilidad\/#breadcrumb\",\"itemListElement\":[{\"@type\":\"ListItem\",\"position\":1,\"name\":\"Portada\",\"item\":\"https:\/\/www.serviciosat.es\/\"},{\"@type\":\"ListItem\",\"position\":2,\"name\":\"Accesibilidad\"}]},{\"@type\":\"WebSite\",\"@id\":\"https:\/\/www.serviciosat.es\/#website\",\"url\":\"https:\/\/www.serviciosat.es\/\",\"name\":\"SericioSat\",\"description\":\"Profesionales en Mantenimiento e Instalaciones\",\"publisher\":{\"@id\":\"https:\/\/www.serviciosat.es\/#organization\"},\"potentialAction\":[{\"@type\":\"SearchAction\",\"target\":{\"@type\":\"EntryPoint\",\"urlTemplate\":\"https:\/\/www.serviciosat.es\/?s={search_term_string}\"},\"query-input\":{\"@type\":\"PropertyValueSpecification\",\"valueRequired\":true,\"valueName\":\"search_term_string\"}}],\"inLanguage\":\"en-GB\"},{\"@type\":\"Organization\",\"@id\":\"https:\/\/www.serviciosat.es\/#organization\",\"name\":\"SericioSat\",\"url\":\"https:\/\/www.serviciosat.es\/\",\"logo\":{\"@type\":\"ImageObject\",\"inLanguage\":\"en-GB\",\"@id\":\"https:\/\/www.serviciosat.es\/#\/schema\/logo\/image\/\",\"url\":\"https:\/\/www.serviciosat.es\/wp-content\/uploads\/2024\/06\/ServicioSAT2.jpg\",\"contentUrl\":\"https:\/\/www.serviciosat.es\/wp-content\/uploads\/2024\/06\/ServicioSAT2.jpg\",\"width\":473,\"height\":265,\"caption\":\"SericioSat\"},\"image\":{\"@id\":\"https:\/\/www.serviciosat.es\/#\/schema\/logo\/image\/\"}}]}<\/script>\n<!-- \/ Yoast SEO plugin. -->","yoast_head_json":{"title":"Profesionales en Mantenimiento e Instalaciones","robots":{"index":"noindex","follow":"follow"},"og_locale":"en_GB","og_type":"article","og_title":"Profesionales en Mantenimiento e Instalaciones","og_description":"ACCESIBILIDAD WEB Actualizado 15\/03\/2023 RA\u00daL MU\u00d1OZ PORRO se compromete en hacer accesible su sitio web de conformidad con el&nbsp;Real Decreto 1112\/2018, sobre accesibilidad de los sitios webs y aplicaciones para dispositivos m\u00f3viles del sector p\u00fablico. La presente declaraci\u00f3n de accesibilidad se aplica al sitio web a serviciosat.es SITUACI\u00d3N DE CUMPLIMIENTO Este sitio web es parcialmente [&hellip;]","og_url":"https:\/\/www.serviciosat.es\/en\/accesibilidad\/","og_site_name":"ServicioSat","article_modified_time":"2024-10-23T08:21:15+00:00","twitter_card":"summary_large_image","twitter_misc":{"Estimated reading time":"2 minutes"},"schema":{"@context":"https:\/\/schema.org","@graph":[{"@type":"WebPage","@id":"https:\/\/www.serviciosat.es\/accesibilidad\/","url":"https:\/\/www.serviciosat.es\/accesibilidad\/","name":"Profesionales en Mantenimiento e Instalaciones","isPartOf":{"@id":"https:\/\/www.serviciosat.es\/#website"},"datePublished":"2024-06-18T11:24:40+00:00","dateModified":"2024-10-23T08:21:15+00:00","breadcrumb":{"@id":"https:\/\/www.serviciosat.es\/accesibilidad\/#breadcrumb"},"inLanguage":"en-GB","potentialAction":[{"@type":"ReadAction","target":["https:\/\/www.serviciosat.es\/accesibilidad\/"]}]},{"@type":"BreadcrumbList","@id":"https:\/\/www.serviciosat.es\/accesibilidad\/#breadcrumb","itemListElement":[{"@type":"ListItem","position":1,"name":"Portada","item":"https:\/\/www.serviciosat.es\/"},{"@type":"ListItem","position":2,"name":"Accesibilidad"}]},{"@type":"WebSite","@id":"https:\/\/www.serviciosat.es\/#website","url":"https:\/\/www.serviciosat.es\/","name":"SericioSat","description":"Profesionales en Mantenimiento e Instalaciones","publisher":{"@id":"https:\/\/www.serviciosat.es\/#organization"},"potentialAction":[{"@type":"SearchAction","target":{"@type":"EntryPoint","urlTemplate":"https:\/\/www.serviciosat.es\/?s={search_term_string}"},"query-input":{"@type":"PropertyValueSpecification","valueRequired":true,"valueName":"search_term_string"}}],"inLanguage":"en-GB"},{"@type":"Organization","@id":"https:\/\/www.serviciosat.es\/#organization","name":"SericioSat","url":"https:\/\/www.serviciosat.es\/","logo":{"@type":"ImageObject","inLanguage":"en-GB","@id":"https:\/\/www.serviciosat.es\/#\/schema\/logo\/image\/","url":"https:\/\/www.serviciosat.es\/wp-content\/uploads\/2024\/06\/ServicioSAT2.jpg","contentUrl":"https:\/\/www.serviciosat.es\/wp-content\/uploads\/2024\/06\/ServicioSAT2.jpg","width":473,"height":265,"caption":"SericioSat"},"image":{"@id":"https:\/\/www.serviciosat.es\/#\/schema\/logo\/image\/"}}]}},"_links":{"self":[{"href":"http:\/\/www.serviciosat.es\/en\/wp-json\/wp\/v2\/pages\/90","targetHints":{"allow":["GET"]}}],"collection":[{"href":"http:\/\/www.serviciosat.es\/en\/wp-json\/wp\/v2\/pages"}],"about":[{"href":"http:\/\/www.serviciosat.es\/en\/wp-json\/wp\/v2\/types\/page"}],"author":[{"embeddable":true,"href":"http:\/\/www.serviciosat.es\/en\/wp-json\/wp\/v2\/users\/1"}],"replies":[{"embeddable":true,"href":"http:\/\/www.serviciosat.es\/en\/wp-json\/wp\/v2\/comments?post=90"}],"version-history":[{"count":3,"href":"http:\/\/www.serviciosat.es\/en\/wp-json\/wp\/v2\/pages\/90\/revisions"}],"predecessor-version":[{"id":331,"href":"http:\/\/www.serviciosat.es\/en\/wp-json\/wp\/v2\/pages\/90\/revisions\/331"}],"wp:attachment":[{"href":"http:\/\/www.serviciosat.es\/en\/wp-json\/wp\/v2\/media?parent=90"}],"curies":[{"name":"wp","href":"https:\/\/api.w.org\/{rel}","templated":true}]}}