{"id":92,"date":"2024-06-18T11:24:53","date_gmt":"2024-06-18T11:24:53","guid":{"rendered":"https:\/\/www.serviciosat.es\/?page_id=92"},"modified":"2024-10-23T08:21:55","modified_gmt":"2024-10-23T08:21:55","slug":"politica-de-privacidad","status":"publish","type":"page","link":"http:\/\/www.serviciosat.es\/en\/politica-de-privacidad\/","title":{"rendered":"Privacy Policy"},"content":{"rendered":"<p><strong>Pol\u00edtica de Protecci\u00f3n de datos de<\/strong>&nbsp;<strong>RA\u00daL MU\u00d1OZ PORRO<\/strong><\/p>\n\n\n\n<ol class=\"wp-block-list\" start=\"1\">\n<li><strong>\u00bfQui\u00e9n es el responsable de tratamiento de sus datos?<\/strong><\/li>\n<\/ol>\n\n\n\n<p>El responsable de los tratamientos de datos referentes a los distintos procesos con respecto la gesti\u00f3n de usuarios, clientes y clientes potenciales, colaboradores y proveedores es RA\u00daL MU\u00d1OZ PORRO, con domicilio social en PALENCIA y 12755975Z.<\/p>\n\n\n\n<p><strong>A efectos de nuestra pol\u00edtica de protecci\u00f3n de datos el correo electr\u00f3nico de contacto es correo@serviciosat.es<\/strong><\/p>\n\n\n\n<p>Asimismo, le informamos que, en el tratamiento de datos en materia de gesti\u00f3n de Usuarios, Clientes y Proveedores, no existen entidades Corresponsables del Tratamiento.<\/p>\n\n\n\n<ol class=\"wp-block-list\" start=\"2\">\n<li><strong>\u00bfQu\u00e9 tipo de datos tenemos sobre su persona y c\u00f3mo los hemos obtenido?<\/strong><\/li>\n<\/ol>\n\n\n\n<p>Las categor\u00edas de datos personales que RA\u00daL MU\u00d1OZ PORRO&nbsp;trata sobre sus clientes y proveedores son:<\/p>\n\n\n\n<ul class=\"wp-block-list\">\n<li>Datos de identificaci\u00f3n<\/li>\n\n\n\n<li>Direcciones postales o electr\u00f3nicas<\/li>\n\n\n\n<li>Informaci\u00f3n comercial<\/li>\n\n\n\n<li>Datos econ\u00f3micos y de transacciones<\/li>\n<\/ul>\n\n\n\n<p>En ning\u00fan caso tratamos datos especialmente protegidos.<\/p>\n\n\n\n<p>Todos los datos arriba mencionados los hemos obtenido o directamente de Usted mediante la presentaci\u00f3n de una oferta comercial, propuesta contractual, etc. o mediante su empresa al facilitarnos los datos de identificaci\u00f3n y dem\u00e1s informaci\u00f3n necesaria para llevar al cabo el objeto de la relaci\u00f3n contractual entre las partes. Ser\u00e1 una obligaci\u00f3n suya o de su empresa facilitarnos los datos actualizados en caso de modificaci\u00f3n. Con respecto a los datos de candidatos a empleo hemos obtenido sus datos mediante la presentaci\u00f3n de un CV por su parte o la obtenci\u00f3n de su candidatura mediante los servicios de un portal de empleo. En este \u00faltimo caso Usted ha autorizado dicha cesi\u00f3n de sus datos a nuestra empresa al insertar sus datos curriculares en el portal de empleo.<\/p>\n\n\n\n<ol class=\"wp-block-list\" start=\"3\">\n<li><strong>\u00bfPor cu\u00e1nto tiempo conservaremos sus datos?<\/strong><\/li>\n<\/ol>\n\n\n\n<p>Los datos personales relativos a personas f\u00edsicas vinculadas a clientes potenciales, clientes y proveedores que RA\u00daL MU\u00d1OZ PORRO&nbsp;recopile mediante los distintos formularios de contacto y\/o recogida de informaci\u00f3n se conservar\u00e1n mientras no se solicite su supresi\u00f3n por el interesado. Los datos proporcionados por nuestros clientes y proveedores se conservar\u00e1n mientras se mantenga la relaci\u00f3n mercantil entre las partes respetando en cualquier caso los plazos m\u00ednimos legales de conservaci\u00f3n seg\u00fan la materia.<\/p>\n\n\n\n<p>En cualquier caso,<strong> RA\u00daL MU\u00d1OZ PORRO <\/strong>guardar\u00e1 sus datos personales durante el per\u00edodo de tiempo que sea razonablemente necesario teniendo en cuenta nuestras necesidades de dar respuesta a cuestiones que se planteen o resolver problemas, realizar mejoras, activar nuevos servicios y cumplir los requisitos que exija la legislaci\u00f3n aplicable. Esto significa que podemos conservar tus datos personales durante un per\u00edodo de tiempo razonable incluso despu\u00e9s de que hayas dejado de usar nuestros productos o de que hayas dejado de usar esta p\u00e1gina web. Despu\u00e9s de este per\u00edodo, tus datos personales ser\u00e1n eliminados de todos los sistemas de <strong>RA\u00daL MU\u00d1OZ PORRO<\/strong><\/p>\n\n\n\n<ol class=\"wp-block-list\" start=\"4\">\n<li><strong>\u00bfCon qu\u00e9 finalidad y sobre qu\u00e9 base de legitimaci\u00f3n tratamos sus datos?<\/strong><\/li>\n<\/ol>\n\n\n\n<p>En <strong>RA\u00daL MU\u00d1OZ PORRO <\/strong>tratamos los datos que nos facilitan las personas interesadas con el fin de gestionar distintas actividades derivadas de procedimientos espec\u00edficos realizados en materia de ventas, servicio post venta, gesti\u00f3n de proveedores, gesti\u00f3n de candidatos, calidad de servicios, etc. De esta manera, utilizaremos sus datos para llevar al cabo algunas de las siguientes acciones bas\u00e1ndonos en la respectiva base de legitimaci\u00f3n:<\/p>\n\n\n\n<figure class=\"wp-block-table\"><table><tbody><tr><td><strong>FINALIDAD DE TRATAMIENTO<\/strong><\/td><td><strong>BASE DE LEGITIMACI\u00d3N<\/strong><\/td><\/tr><tr><td><strong>Gesti\u00f3n contable, fiscal, administrativa y comercial de la c\u00e1mara<\/strong><\/td><td>Ejecuci\u00f3n (pre)contrato; Obligaci\u00f3n regulatoria<\/td><\/tr><tr><td><strong>Gesti\u00f3n de los cursos\/Jornadas organizados por la c\u00e1mara<\/strong><\/td><td>Consentimiento del afectado<\/td><\/tr><tr><td><strong>Relaci\u00f3n y gesti\u00f3n de organismos y personas de inter\u00e9s con las que se relaciona la c\u00e1mara, as\u00ed como de las empresas no asociadas<\/strong><\/td><td>Consentimiento del afectado<\/td><\/tr><tr><td><strong>Relaci\u00f3n y gesti\u00f3n de los asociados a la c\u00e1mara<\/strong><\/td><td>Ejecuci\u00f3n (pre)contrato<\/td><\/tr><tr><td><strong>Gesti\u00f3n fiscal, contable y administrativa con proveedores<\/strong><\/td><td>Ejecuci\u00f3n (pre)contrato; Obligaci\u00f3n regulatoria<\/td><\/tr><tr><td><strong>Gesti\u00f3n de las solicitudes de informaci\u00f3n que llegan a trav\u00e9s del formularios web o redes sociales<\/strong><\/td><td>Consentimiento del afectado<\/td><\/tr><tr><td><strong>Gesti\u00f3n de los derechos de protecci\u00f3n de datos de los interesados<\/strong><\/td><td>Obligaci\u00f3n regulatoria<\/td><\/tr><\/tbody><\/table><\/figure>\n\n\n\n<p>En cuanto, a la base de legitimaci\u00f3n referenciada Usted se encuentra obligado a facilitar los datos personales, en el supuesto de que no facilite sus datos de car\u00e1cter personal no se podr\u00e1 ejecutar su contrato, cumplir las obligaciones legales o derivadas de los poderes p\u00fablicos.<\/p>\n\n\n\n<p>No vamos a elaborar perfiles comerciales en base de la informaci\u00f3n facilitada y en consecuencia tampoco tomaremos decisiones automatizadas sobre Ud en base de un perfil comercial.<\/p>\n\n\n\n<ol class=\"wp-block-list\" start=\"5\">\n<li><strong>\u00bf\u00c1 que destinatarios se comunicar\u00e1n sus datos?<\/strong><\/li>\n<\/ol>\n\n\n\n<p>RA\u00daL MU\u00d1OZ PORRO&nbsp;nunca compartir\u00e1 tus datos personales con ninguna empresa tercera que pretenda utilizarlos en sus acciones de marketing directo, excepto en el caso de que nos hayas autorizado expresamente a ello.<\/p>\n\n\n\n<p>Le informamos que podemos facilitar tus datos personales a organismos de la Administraci\u00f3n P\u00fablica y Autoridades competentes en aquellos casos que &nbsp;&nbsp;reciba un requerimiento legal por parte de dichas Autoridades o en los casos que actuando de buena fe, consideramos que tal acci\u00f3n es razonablemente necesaria para cumplir con un proceso judicial; para contestar cualquier reclamaci\u00f3n o demanda jur\u00eddica; o para proteger los derechos de &nbsp;&nbsp;o sus clientes y el p\u00fablico en general.<\/p>\n\n\n\n<p>Le informamos que sus datos o datos de terceras personas comunicadas por Usted (C\u00f3nyuges, hijos, etc) no van a ser cedidos o comunicados a terceros salvo obligaci\u00f3n legal, siendo la empresa la \u00fanica responsable para su tratamiento y custodia.<\/p>\n\n\n\n<p>RA\u00daL MU\u00d1OZ PORRO&nbsp;puede proporcionar tus datos personales a terceras personas (Ej. proveedores de servicios de Internet que nos ayudan a administrar nuestra p\u00e1gina web o llevar a cabo los servicios contratados, empresas de soporte y mantenimiento inform\u00e1tico, empresas de log\u00edstica, gestor\u00edas y asesoramiento fiscal y contable, etc.). En cualquier caso, estas terceras personas deben mantener, en todo momento, los mismos niveles de seguridad que RA\u00daL MU\u00d1OZ PORRO&nbsp;en relaci\u00f3n a tus datos personales y, cuando sea necesario, estar\u00e1n vinculadas por compromisos legales a fin de guardar tus datos personales de forma privada y segura, y a fin de utilizar \u00fanicamente la informaci\u00f3n siguiendo instrucciones espec\u00edficas de RA\u00daL MU\u00d1OZ PORRO<\/p>\n\n\n\n<p>Le informamos que nuestra entidad no realiza transferencias internacionales de datos en materia de gesti\u00f3n de Usuarios, Clientes y\/o Proveedores.<\/p>\n\n\n\n<ol class=\"wp-block-list\" start=\"6\">\n<li><strong>\u00bfCu\u00e1les son sus derechos como afectados o interesado?<\/strong><\/li>\n<\/ol>\n\n\n\n<p>Cualquier persona tiene derecho a obtener confirmaci\u00f3n sobre si RA\u00daL MU\u00d1OZ PORRO&nbsp;est\u00e1 tratando datos personales que le conciernan, o no.<\/p>\n\n\n\n<p>En concreto, las personas interesadas pueden solicitar el <strong>derecho de acceso<\/strong> a sus datos personales, as\u00ed como recibirlos en un formato com\u00fan y lectura mecanizada si el tratamiento se efect\u00faa por medios electr\u00f3nicos (<strong>derecho de portabilidad<\/strong>).<\/p>\n\n\n\n<p>Asimismo, las personas interesadas pueden solicitar el <strong>derecho de rectificaci\u00f3n<\/strong> de los datos inexactos o, en su caso, solicitar su <strong>supresi\u00f3n<\/strong> cuando, entre otros motivos, los datos ya no sea necesarios para los fines que fueron recogidos.<\/p>\n\n\n\n<p>Complementariamente, en determinadas circunstancias, los interesados podr\u00e1n solicitar la <strong>limitaci\u00f3n del tratamiento de sus datos<\/strong>, o en determinadas circunstancias y por motivos relacionados con su situaci\u00f3n particular, los interesados podr\u00e1n ejercitar su <strong>derecho a oponerse<\/strong> al tratamiento de sus datos. RA\u00daL MU\u00d1OZ PORRO&nbsp;dejar\u00e1 de tratar los datos, salvo por motivos leg\u00edtimos imperiosos, o el ejercicio o la defensa de posibles reclamaciones o en aquellas excepciones establecidas en la normativa aplicable.<\/p>\n\n\n\n<p>Asimismo, le informamos que tiene derecho a retirar sus consentimientos otorgados en cualquier momento, sin que ello afecte a la licitud del tratamiento basado en el consentimiento previo a su retirada.<\/p>\n\n\n\n<p>As\u00ed mismo se informa al Usuario que en cualquier momento puede ejercitar los mencionados derechos dirigi\u00e9ndose por escrito a\u00a0nosotros utilizando los datos de contacto que aparecen en el Apartado 1, \u2018Responsable de tratamiento\u2019 de la presente pol\u00edtica de Protecci\u00f3n de Datos y Privacidad de RA\u00daL MU\u00d1OZ PORRO, adjuntando copia de su DNI.\u00a0 Al igual modo, puede enviarnos un correo electr\u00f3nico a la direcci\u00f3n <strong>correo@serviciosat.es<\/strong><\/p>\n\n\n\n<p>Usted tambi\u00e9n tendr\u00e1 el derecho a presentar una reclamaci\u00f3n ante la Agencia Espa\u00f1ola de Protecci\u00f3n de datos, especialmente cuando no haya obtenido satisfacci\u00f3n en el ejercicio de sus derechos.<\/p>\n\n\n\n<p><strong>Agencia Espa\u00f1ola de Protecci\u00f3n de Datos.<\/strong><\/p>\n\n\n\n<p><strong>C\/ Jorge Juan, 6<\/strong><\/p>\n\n\n\n<p><strong>28001 \u2013 MADRID<\/strong><\/p>\n\n\n\n<p><strong>Telf. 901100099 \/ 912663517<\/strong><\/p>\n\n\n\n<ol class=\"wp-block-list\" start=\"7\">\n<li><strong>Protecci\u00f3n de datos de los usuarios de la p\u00e1gina web.<\/strong><\/li>\n<\/ol>\n\n\n\n<p>De conformidad con el vigente Reglamento (UE) 2016\/679, RA\u00daL MU\u00d1OZ PORRO&nbsp;&nbsp; &nbsp;informa que los datos de car\u00e1cter personal de los Usuarios del sitio web se tratar\u00e1n para la actividad del tratamiento indicado en cada formulario de recogida de datos de nuestra p\u00e1gina web por parte de RA\u00daL MU\u00d1OZ PORRO Dicho tratamiento de sus datos estar\u00e1 amparado en su propio consentimiento. &nbsp;Al pulsar el bot\u00f3n \u201cENVIAR\u201d, el Usuario consiente al tratamiento de sus datos por parte de RA\u00daL MU\u00d1OZ PORRO<\/p>\n\n\n\n<p>Asimismo, le informamos que salvo obligaci\u00f3n legal o consentimiento expreso por su parte RA\u00daL MU\u00d1OZ PORRO&nbsp;no va a ceder sus datos a terceras personas.<\/p>\n\n\n\n<p>Igualmente, se informa al Usuario que en cualquier momento puede ejercitar los derechos de acceso, rectificaci\u00f3n o supresi\u00f3n de datos as\u00ed como disponer de otros derechos reconocidos en el presente documento y regulados en el Reglamento (UE) 2016\/679, notific\u00e1ndolo a RA\u00daL MU\u00d1OZ PORRO, PALENCIA, e-mail: <strong>correo@serviciosat.es<\/strong><\/p>\n\n\n\n<p>Por otro lado, de acuerdo con lo dispuesto en la Ley 34\/2002, de 11 de Julio, de Servicios de la Sociedad de Informaci\u00f3n y de Comercio Electr\u00f3nico, RA\u00daL MU\u00d1OZ PORRO se compromete a no enviar publicidad a trav\u00e9s del correo electr\u00f3nico sin haber recabado antes la expresa autorizaci\u00f3n del destinatario. El Usuario podr\u00e1 oponerse al env\u00edo de publicidad marcando la casilla correspondiente.<\/p>\n\n\n\n<ol class=\"wp-block-list\" start=\"8\">\n<li><strong>Otra informaci\u00f3n de inter\u00e9s sobre nuestra pol\u00edtica de privacidad<\/strong><\/li>\n<\/ol>\n\n\n\n<p><strong>8.1&nbsp;&nbsp;&nbsp;&nbsp;&nbsp;&nbsp; Medidas de Seguridad<\/strong><\/p>\n\n\n\n<p>RA\u00daL MU\u00d1OZ PORRO adopta los niveles de seguridad requeridos por la normativa Europea y Espa\u00f1ola vigente en protecci\u00f3n de datos teniendo en cuenta el estado de la t\u00e9cnica, los costes de aplicaci\u00f3n y la naturaleza, el alcance, el contexto y los fines del tratamiento descritos, as\u00ed como los riesgos de probabilidad y gravedad variables para sus derechos y libertades como persona.<\/p>\n\n\n\n<p><strong>8.2&nbsp;&nbsp;&nbsp;&nbsp;&nbsp;&nbsp; Tratamiento de datos de menores<\/strong><\/p>\n\n\n\n<p>Al amparo del RGPD (UE) 2016\/679 y de la LO 3\/2018, de 5 de diciembre, de Protecci\u00f3n de Datos Personales y Garant\u00eda de los Derechos Digitales, los menores de m\u00e1s de 14 a\u00f1os pueden dar su consentimiento a la contrataci\u00f3n de servicios de la sociedad de la informaci\u00f3n, como puede ser la inscripci\u00f3n en un foro, la cumplimentaci\u00f3n de un formulario de contacto, etc. No obstante, ser\u00e1 responsabilidad de RA\u00daL MU\u00d1OZ PORRO&nbsp;&nbsp; comprobar la veracidad de la edad indicada por parte del menor.<\/p>\n\n\n\n<p>De la capacidad de consentimiento otorgada a los menores de m\u00e1s de 14 a\u00f1os, se except\u00faan los supuestos en que la ley exija la asistencia de los titulares de la patria potestad o tutela para la celebraci\u00f3n del acto o negocio jur\u00eddico en cuyo contexto se recaba el consentimiento para el tratamiento.<\/p>\n\n\n\n<p>Para el tratamiento de datos de menores de 14 a\u00f1os dicha recogida de datos se realizar\u00e1 siempre bajo el expreso consentimiento de los padres o tutores legales.<\/p>\n\n\n\n<p><strong>8.3&nbsp;&nbsp;&nbsp;&nbsp; Modificaciones de nuestra Pol\u00edtica de Protecci\u00f3n de Datos y de Privacidad<\/strong><\/p>\n\n\n\n<p>Ocasionalmente, RA\u00daL MU\u00d1OZ PORRO&nbsp;&nbsp; podr\u00e1 realizar modificaciones y correcciones en este apartado de Pol\u00edtica de Protecci\u00f3n de Datos para Clientes, Proveedores y Usuarios. Por favor, verifique este apartado regularmente para consultar los cambios que puedan haber existido y de qu\u00e9 manera le pueden afectar.<\/p>\n\n\n\n<p><strong>8.4&nbsp;&nbsp;&nbsp;&nbsp;\u00bfPor qu\u00e9 es necesario aceptar est\u00e1 Pol\u00edtica de Protecci\u00f3n de Datos y de Privacidad?<\/strong><\/p>\n\n\n\n<p>Este apartado de Pol\u00edtica de Protecci\u00f3n de Datos para Clientes, Proveedores y Usuarios le proporciona de un modo f\u00e1cilmente accesible toda la informaci\u00f3n necesaria para que puedas conocer la tipolog\u00eda de datos que RA\u00daL MU\u00d1OZ PORRO&nbsp;&nbsp; &nbsp;mantiene sobre sus clientes potenciales, clientes y\/o proveedores, las finalidades perseguidas, los derechos que la normativa de protecci\u00f3n de datos reconoce a Ud. como persona afectada y el modo de c\u00f3mo ejercer dichos derechos. Por lo tanto, con el env\u00edo deliberado de sus datos personales mediante nuestros medios de contacto y\/o con el inicio de la relaci\u00f3n mercantil con nuestra empresa consideramos que reconoce y acepta el tratamiento de tus datos personales tal y como se describe en la presente pol\u00edtica. Esta informaci\u00f3n personal solamente se usar\u00e1 para los fines para los cuales nos la has facilitado o determinadas normativas nacionales o regionales nos habilitan hacerlo.<\/p>\n\n\n\n<p>En cualquier caso, debemos advertirle que una negativa por su parte para facilitarnos determinados datos solicitados podr\u00eda obstaculizar el desarrollo de la relaci\u00f3n contractual entre las partes con posibles consecuencias serias al momento de prestar las diversas prestaciones contempladas dentro del contrato mercantil celebrado con la parte contratante.<\/p>\n\n\n\n<p>Si tienes cualquier pregunta en relaci\u00f3n con este apartado de Pol\u00edtica de Protecci\u00f3n de Datos para los Clientes Potenciales, Clientes y Proveedores de RA\u00daL MU\u00d1OZ PORRO, por favor, p\u00f3ngase en contacto con la empresa usando la direcci\u00f3n facilitada en la&nbsp;Apartado primero \u2018Responsable de Tratamiento\u2019&nbsp;y estaremos encantados de atenderte y dar respuesta a las cuestiones adicionales que nos quieras plantear.<\/p>\n\n\n\n<ol class=\"wp-block-list\" start=\"9\">\n<li><strong>Legislaci\u00f3n aplicable<\/strong><\/li>\n<\/ol>\n\n\n\n<p>Las presentes Condiciones se regir\u00e1n en todo momento por lo dispuesto en la legislaci\u00f3n espa\u00f1ola y europea en materia de protecci\u00f3n de datos de car\u00e1cter personal y de privacidad.<\/p>","protected":false},"excerpt":{"rendered":"<p>Pol\u00edtica de Protecci\u00f3n de datos de&nbsp;RA\u00daL MU\u00d1OZ PORRO El responsable de los tratamientos de datos referentes a los distintos procesos con respecto la gesti\u00f3n de usuarios, clientes y clientes potenciales, colaboradores y proveedores es RA\u00daL MU\u00d1OZ PORRO, con domicilio social en PALENCIA y 12755975Z. A efectos de nuestra pol\u00edtica de protecci\u00f3n de datos el correo [&hellip;]<\/p>","protected":false},"author":1,"featured_media":0,"parent":0,"menu_order":0,"comment_status":"closed","ping_status":"closed","template":"","meta":{"footnotes":""},"class_list":["post-92","page","type-page","status-publish","hentry"],"yoast_head":"<!-- This site is optimized with the Yoast SEO plugin v25.3.1 - https:\/\/yoast.com\/wordpress\/plugins\/seo\/ -->\n<title>Profesionales en Mantenimiento e Instalaciones<\/title>\n<meta name=\"robots\" content=\"noindex, follow\" \/>\n<meta property=\"og:locale\" content=\"en_GB\" \/>\n<meta property=\"og:type\" content=\"article\" \/>\n<meta property=\"og:title\" content=\"Profesionales en Mantenimiento e Instalaciones\" \/>\n<meta property=\"og:description\" content=\"Pol\u00edtica de Protecci\u00f3n de datos de&nbsp;RA\u00daL MU\u00d1OZ PORRO El responsable de los tratamientos de datos referentes a los distintos procesos con respecto la gesti\u00f3n de usuarios, clientes y clientes potenciales, colaboradores y proveedores es RA\u00daL MU\u00d1OZ PORRO, con domicilio social en PALENCIA y 12755975Z. A efectos de nuestra pol\u00edtica de protecci\u00f3n de datos el correo [&hellip;]\" \/>\n<meta property=\"og:url\" content=\"https:\/\/www.serviciosat.es\/en\/politica-de-privacidad\/\" \/>\n<meta property=\"og:site_name\" content=\"ServicioSat\" \/>\n<meta property=\"article:modified_time\" content=\"2024-10-23T08:21:55+00:00\" \/>\n<meta name=\"twitter:card\" content=\"summary_large_image\" \/>\n<meta name=\"twitter:label1\" content=\"Estimated reading time\" \/>\n\t<meta name=\"twitter:data1\" content=\"10 minutes\" \/>\n<script type=\"application\/ld+json\" class=\"yoast-schema-graph\">{\"@context\":\"https:\/\/schema.org\",\"@graph\":[{\"@type\":\"WebPage\",\"@id\":\"https:\/\/www.serviciosat.es\/politica-de-privacidad\/\",\"url\":\"https:\/\/www.serviciosat.es\/politica-de-privacidad\/\",\"name\":\"Profesionales en Mantenimiento e Instalaciones\",\"isPartOf\":{\"@id\":\"https:\/\/www.serviciosat.es\/#website\"},\"datePublished\":\"2024-06-18T11:24:53+00:00\",\"dateModified\":\"2024-10-23T08:21:55+00:00\",\"breadcrumb\":{\"@id\":\"https:\/\/www.serviciosat.es\/politica-de-privacidad\/#breadcrumb\"},\"inLanguage\":\"en-GB\",\"potentialAction\":[{\"@type\":\"ReadAction\",\"target\":[\"https:\/\/www.serviciosat.es\/politica-de-privacidad\/\"]}]},{\"@type\":\"BreadcrumbList\",\"@id\":\"https:\/\/www.serviciosat.es\/politica-de-privacidad\/#breadcrumb\",\"itemListElement\":[{\"@type\":\"ListItem\",\"position\":1,\"name\":\"Portada\",\"item\":\"https:\/\/www.serviciosat.es\/\"},{\"@type\":\"ListItem\",\"position\":2,\"name\":\"Pol\u00edtica de privacidad\"}]},{\"@type\":\"WebSite\",\"@id\":\"https:\/\/www.serviciosat.es\/#website\",\"url\":\"https:\/\/www.serviciosat.es\/\",\"name\":\"SericioSat\",\"description\":\"Profesionales en Mantenimiento e Instalaciones\",\"publisher\":{\"@id\":\"https:\/\/www.serviciosat.es\/#organization\"},\"potentialAction\":[{\"@type\":\"SearchAction\",\"target\":{\"@type\":\"EntryPoint\",\"urlTemplate\":\"https:\/\/www.serviciosat.es\/?s={search_term_string}\"},\"query-input\":{\"@type\":\"PropertyValueSpecification\",\"valueRequired\":true,\"valueName\":\"search_term_string\"}}],\"inLanguage\":\"en-GB\"},{\"@type\":\"Organization\",\"@id\":\"https:\/\/www.serviciosat.es\/#organization\",\"name\":\"SericioSat\",\"url\":\"https:\/\/www.serviciosat.es\/\",\"logo\":{\"@type\":\"ImageObject\",\"inLanguage\":\"en-GB\",\"@id\":\"https:\/\/www.serviciosat.es\/#\/schema\/logo\/image\/\",\"url\":\"https:\/\/www.serviciosat.es\/wp-content\/uploads\/2024\/06\/ServicioSAT2.jpg\",\"contentUrl\":\"https:\/\/www.serviciosat.es\/wp-content\/uploads\/2024\/06\/ServicioSAT2.jpg\",\"width\":473,\"height\":265,\"caption\":\"SericioSat\"},\"image\":{\"@id\":\"https:\/\/www.serviciosat.es\/#\/schema\/logo\/image\/\"}}]}<\/script>\n<!-- \/ Yoast SEO plugin. -->","yoast_head_json":{"title":"Profesionales en Mantenimiento e Instalaciones","robots":{"index":"noindex","follow":"follow"},"og_locale":"en_GB","og_type":"article","og_title":"Profesionales en Mantenimiento e Instalaciones","og_description":"Pol\u00edtica de Protecci\u00f3n de datos de&nbsp;RA\u00daL MU\u00d1OZ PORRO El responsable de los tratamientos de datos referentes a los distintos procesos con respecto la gesti\u00f3n de usuarios, clientes y clientes potenciales, colaboradores y proveedores es RA\u00daL MU\u00d1OZ PORRO, con domicilio social en PALENCIA y 12755975Z. A efectos de nuestra pol\u00edtica de protecci\u00f3n de datos el correo [&hellip;]","og_url":"https:\/\/www.serviciosat.es\/en\/politica-de-privacidad\/","og_site_name":"ServicioSat","article_modified_time":"2024-10-23T08:21:55+00:00","twitter_card":"summary_large_image","twitter_misc":{"Estimated reading time":"10 minutes"},"schema":{"@context":"https:\/\/schema.org","@graph":[{"@type":"WebPage","@id":"https:\/\/www.serviciosat.es\/politica-de-privacidad\/","url":"https:\/\/www.serviciosat.es\/politica-de-privacidad\/","name":"Profesionales en Mantenimiento e Instalaciones","isPartOf":{"@id":"https:\/\/www.serviciosat.es\/#website"},"datePublished":"2024-06-18T11:24:53+00:00","dateModified":"2024-10-23T08:21:55+00:00","breadcrumb":{"@id":"https:\/\/www.serviciosat.es\/politica-de-privacidad\/#breadcrumb"},"inLanguage":"en-GB","potentialAction":[{"@type":"ReadAction","target":["https:\/\/www.serviciosat.es\/politica-de-privacidad\/"]}]},{"@type":"BreadcrumbList","@id":"https:\/\/www.serviciosat.es\/politica-de-privacidad\/#breadcrumb","itemListElement":[{"@type":"ListItem","position":1,"name":"Portada","item":"https:\/\/www.serviciosat.es\/"},{"@type":"ListItem","position":2,"name":"Pol\u00edtica de privacidad"}]},{"@type":"WebSite","@id":"https:\/\/www.serviciosat.es\/#website","url":"https:\/\/www.serviciosat.es\/","name":"SericioSat","description":"Profesionales en Mantenimiento e Instalaciones","publisher":{"@id":"https:\/\/www.serviciosat.es\/#organization"},"potentialAction":[{"@type":"SearchAction","target":{"@type":"EntryPoint","urlTemplate":"https:\/\/www.serviciosat.es\/?s={search_term_string}"},"query-input":{"@type":"PropertyValueSpecification","valueRequired":true,"valueName":"search_term_string"}}],"inLanguage":"en-GB"},{"@type":"Organization","@id":"https:\/\/www.serviciosat.es\/#organization","name":"SericioSat","url":"https:\/\/www.serviciosat.es\/","logo":{"@type":"ImageObject","inLanguage":"en-GB","@id":"https:\/\/www.serviciosat.es\/#\/schema\/logo\/image\/","url":"https:\/\/www.serviciosat.es\/wp-content\/uploads\/2024\/06\/ServicioSAT2.jpg","contentUrl":"https:\/\/www.serviciosat.es\/wp-content\/uploads\/2024\/06\/ServicioSAT2.jpg","width":473,"height":265,"caption":"SericioSat"},"image":{"@id":"https:\/\/www.serviciosat.es\/#\/schema\/logo\/image\/"}}]}},"_links":{"self":[{"href":"http:\/\/www.serviciosat.es\/en\/wp-json\/wp\/v2\/pages\/92","targetHints":{"allow":["GET"]}}],"collection":[{"href":"http:\/\/www.serviciosat.es\/en\/wp-json\/wp\/v2\/pages"}],"about":[{"href":"http:\/\/www.serviciosat.es\/en\/wp-json\/wp\/v2\/types\/page"}],"author":[{"embeddable":true,"href":"http:\/\/www.serviciosat.es\/en\/wp-json\/wp\/v2\/users\/1"}],"replies":[{"embeddable":true,"href":"http:\/\/www.serviciosat.es\/en\/wp-json\/wp\/v2\/comments?post=92"}],"version-history":[{"count":4,"href":"http:\/\/www.serviciosat.es\/en\/wp-json\/wp\/v2\/pages\/92\/revisions"}],"predecessor-version":[{"id":332,"href":"http:\/\/www.serviciosat.es\/en\/wp-json\/wp\/v2\/pages\/92\/revisions\/332"}],"wp:attachment":[{"href":"http:\/\/www.serviciosat.es\/en\/wp-json\/wp\/v2\/media?parent=92"}],"curies":[{"name":"wp","href":"https:\/\/api.w.org\/{rel}","templated":true}]}}