{"id":94,"date":"2024-06-18T11:25:15","date_gmt":"2024-06-18T11:25:15","guid":{"rendered":"https:\/\/www.serviciosat.es\/?page_id=94"},"modified":"2024-10-23T08:21:41","modified_gmt":"2024-10-23T08:21:41","slug":"politica-de-cookies","status":"publish","type":"page","link":"http:\/\/www.serviciosat.es\/en\/politica-de-cookies\/","title":{"rendered":"Cookies policy"},"content":{"rendered":"<p>El dominio <a href=\"http:\/\/www.colorinsinfin.es\/\">www.serviciosat.es<\/a> utiliza procedimientos autom\u00e1ticos de recogida (Cookies) para reunir informaci\u00f3n personal como puede ser el tipo de navegador o sistema operativo, p\u00e1gina de referencia, ruta, dominio ISP (Proveedor de Internet), etc. todo ello con el fin de mejorar los servicios prestados. Las Cookies nos ayudan a adaptar esta p\u00e1gina web a sus necesidades personales.<\/p>\n\n\n\n<p>Una \u00abCookie\u00bb es un peque\u00f1o archivo que se almacena en el ordenador del usuario y nos permite reconocerle. El conjunto de \u00abcookies\u00bb nos ayuda a mejorar la calidad de nuestra web, permiti\u00e9ndonos as\u00ed personalizar hasta cierto punto la navegaci\u00f3n de cada usuario por nuestra web. Las cookies actualmente son esenciales para el funcionamiento de internet, aportando innumerables ventajas en la prestaci\u00f3n de servicios interactivos, facilit\u00e1ndole la navegaci\u00f3n y usabilidad de nuestra web.<\/p>\n\n\n\n<p>Tenga en cuenta que las cookies no pueden da\u00f1ar su equipo y que, a cambio, el que est\u00e9n activadas nos ayudan a identificar y resolver los errores y mejorar la navegabilidad de nuestro sitio.<\/p>\n\n\n\n<p><strong>Tipolog\u00eda de cookies:<\/strong><\/p>\n\n\n\n<p>Para una mayor informaci\u00f3n del usuario sobre la tipolog\u00eda y uso de las cookies le informamos que:<\/p>\n\n\n\n<ul class=\"wp-block-list\">\n<li>Desde el punto de vista de <strong>\u2018tiempo de vida\u2019 de la cookie<\/strong> (tiempo que la cookie permanece activa en nuestro equipo) podemos diferenciar las cookies entre:<\/li>\n\n\n\n<li><strong>Cookies de sesi\u00f3n<\/strong>: son cookies temporales que permanecen en el archivo de cookies de su navegador hasta que abandone la p\u00e1gina web, por lo que ninguna queda registrada en el disco duro del usuario. La informaci\u00f3n obtenida por medio de estas cookies, sirven para analizar pautas de tr\u00e1fico en la web. A la larga, esto nos permite proporcionar una mejor experiencia para mejorar el contenido y facilitando su uso.<\/li>\n\n\n\n<li><strong>Cookies permanentes:<\/strong> son almacenadas en el disco duro y nuestra web las lee cada vez que usted realiza una nueva visita. Una cookie permanente posee una fecha de expiraci\u00f3n determinada. La cookie dejar\u00e1 de funcionar despu\u00e9s de esa fecha. Las utilizamos, generalmente, para facilitar los servicios de compra y registro.<\/li>\n\n\n\n<li>Desde el punto de vista del<strong> uso de cada cookie<\/strong>, podemos diferenciar entre:<\/li>\n\n\n\n<li><strong>Cookies Requeridas<\/strong>: son las cookies estrictamente necesarias como, por ejemplo, aquellas que sirvan para una correcta navegaci\u00f3n o las que permitan realizar el pago de bienes o servicios solicitados por el usuario o cookies que sirvan para asegurar que el contenido de la p\u00e1gina web se carga eficazmente.<\/li>\n<\/ul>\n\n\n\n<p>Dentro de la categor\u00eda de cookies Requeridas se pueden encontrar tambi\u00e9n cookies con las siguientes finalidades:<\/p>\n\n\n\n<ul class=\"wp-block-list\">\n<li>Permitir \u00fanicamente la comunicaci\u00f3n entre el equipo del usuario y la red.<\/li>\n\n\n\n<li>Estrictamente prestar un servicio expresamente solicitado por el usuario.<\/li>\n<\/ul>\n\n\n\n<p>En estos dos casos le informamos que no se requiere la informaci\u00f3n y el consentimiento del usuario para la instalaci\u00f3n de las referidas cookies. En concreto, seg\u00fan el Grupo de Trabajo de Expertos de la UE, en el Art\u00edculo 29 de su Dictamen 4\/20123 ha interpretado que entre las cookies exceptuadas estar\u00edan aquellas que tienen por finalidad:<\/p>\n\n\n\n<ul class=\"wp-block-list\">\n<li>Cookies de \u201centrada del usuario\u201d<\/li>\n\n\n\n<li>Cookies de autenticaci\u00f3n o identificaci\u00f3n de usuario (\u00fanicamente de sesi\u00f3n)<\/li>\n\n\n\n<li>Cookies de seguridad del usuario<\/li>\n\n\n\n<li>Cookies de sesi\u00f3n de reproductor multimedia<\/li>\n\n\n\n<li>Cookies de sesi\u00f3n para equilibrar la carga<\/li>\n\n\n\n<li>Cookies de personalizaci\u00f3n de la interfaz de usuario<\/li>\n\n\n\n<li>Cookies de complemento (plug-in) para intercambiar contenidos sociales<\/li>\n<\/ul>\n\n\n\n<p><strong>Para todo el resto de cookies Requeridas no incluidas en los anteriores supuestos requerir\u00e1n la informaci\u00f3n previa y el consentimiento del usuario.<\/strong><\/p>\n\n\n\n<ul class=\"wp-block-list\">\n<li><strong>Cookies Funcionales (anal\u00edticas)<\/strong>: son cookies que nos permiten analizar el uso del Sitio web, de manera que podamos medir y mejorar el funcionamiento.<\/li>\n\n\n\n<li><strong>Cookies de Publicidad y de Terceros<\/strong>: son las cookies usadas por redes sociales, o por complementos externos de contenido como google maps como tambi\u00e9n cookies de empresas publicitarias para publicar anuncios relevantes para sus intereses.<\/li>\n<\/ul>\n\n\n\n<p><strong>RA\u00daL MU\u00d1OZ PORRO <\/strong>guarda toda la informaci\u00f3n recogida a trav\u00e9s de las Cookies en un formato no personalizado (direcci\u00f3n de IP). Este tipo de informaci\u00f3n obtenida a trav\u00e9s de las Cookies no ser\u00e1 revelada fuera de <strong>RA\u00daL MU\u00d1OZ PORRO<\/strong>, ni utilizada para comunicaciones no solicitadas.<\/p>\n\n\n\n<p><strong>Privacidad adecuada\u2013 Gesti\u00f3n de cookies:<\/strong><\/p>\n\n\n\n<p>En caso de que el usuario lo quisiera, el registro de las cookies podr\u00e1 estar sujeto a su aceptaci\u00f3n durante la instalaci\u00f3n o puesta al d\u00eda del navegador usado. El usuario puede en todo momento revocar su aceptaci\u00f3n mediante las opciones de configuraci\u00f3n de contenidos y privacidad disponibles en cada navegador. No obstante, en caso de que el usuario no permita la instalaci\u00f3n de cookies en su navegador es posible que no pueda acceder a alguna de las secciones de nuestro sitio web.<\/p>\n\n\n\n<p>Para m\u00e1s informaci\u00f3n sobre la configuraci\u00f3n apropiada de las cookies y las opciones de activaci\u00f3n, restricci\u00f3n y\/o inhabilitaci\u00f3n se debe acudir en la secci\u00f3n de ayuda de su navegador para conocer m\u00e1s:<\/p>\n\n\n\n<ul class=\"wp-block-list\">\n<li>M\u00e1s informaci\u00f3n sobre como bloquear el uso de las cookies en <a href=\"https:\/\/support.google.com\/chrome\/answer\/95647?hl=es\">Google Chrome<\/a><\/li>\n\n\n\n<li>M\u00e1s informaci\u00f3n sobre como bloquear el uso de las cookies en <a href=\"http:\/\/support.mozilla.org\/es\/kb\/habilitar-y-deshabilitar-cookies-que-los-sitios-we?esab=a&amp;s=cookies&amp;r=7&amp;as=s\">Firefox<\/a><\/li>\n\n\n\n<li>M\u00e1s informaci\u00f3n sobre como bloquear el uso de las cookies en <a href=\"http:\/\/windows.microsoft.com\/es-es\/windows7\/how-to-manage-cookies-in-internet-explorer-9\">Internet Explorer<\/a><\/li>\n\n\n\n<li>M\u00e1s informaci\u00f3n sobre como bloquear el uso de las cookies en <a href=\"http:\/\/support.apple.com\/kb\/ph5042\">Safari<\/a><\/li>\n<\/ul>\n\n\n\n<p>Muchos navegadores permiten activar un modo privado mediante el cual las cookies se borran siempre despu\u00e9s de su visita. Dependiendo de cada navegador este modo privado, puede tener diferentes nombres. A continuaci\u00f3n, encontrar\u00e1 una lista de los navegadores m\u00e1s comunes y los diferentes nombres de este \u201cmodo privado\u201d:<\/p>\n\n\n\n<ul class=\"wp-block-list\">\n<li>Internet Explorer 8 y superior; InPrivate<\/li>\n\n\n\n<li>Safari 2 y superior; Navegaci\u00f3n Privada<\/li>\n\n\n\n<li>Opera 10.5 y superior; Navegaci\u00f3n Privada<\/li>\n\n\n\n<li>FireFox 3.5 y superior; Navegaci\u00f3n Privada<\/li>\n\n\n\n<li>Google Chrome 10 y superior; Inc\u00f3gnito<\/li>\n<\/ul>\n\n\n\n<p><strong>Cookies de redes sociales<\/strong><\/p>\n\n\n\n<p>Las Cookies de redes sociales pueden almacenarse en su navegador mientras navega por <a href=\"http:\/\/www.colorinsinfin.es\/\">www.serviciosat.es<\/a><\/p>\n\n\n\n<p>Las empresas que generan estas cookies correspondientes a las&nbsp; redes sociales que utiliza esta web&nbsp; tienen sus &nbsp;propias pol\u00edticas de cookies:<\/p>\n\n\n\n<p>\u2013 Cookie de Twitter, seg\u00fan lo dispuesto en su&nbsp;<a href=\"https:\/\/twitter.com\/privacy\">pol\u00edtica de privacidad y uso de cookies.<\/a><\/p>\n\n\n\n<p>\u2013 Cookie de Linkedin, seg\u00fan lo dispuesto en su&nbsp;<a href=\"https:\/\/www.linkedin.com\/legal\/cookie-policy?trk=hp-cookies\">Pol\u00edtica de Cookies<\/a><\/p>\n\n\n\n<p>\u2013 Cookie de Facebook e Instagram, seg\u00fan lo dispuesto en su&nbsp;<a href=\"https:\/\/www.facebook.com\/help\/cookies?ref_type=sitefooter\">Pol\u00edtica de Cookies<\/a><\/p>\n\n\n\n<p>\u2013 Cookie de&nbsp;Google Maps, seg\u00fan lo dispuesto en su p\u00e1gina sobre qu\u00e9&nbsp;<a href=\"http:\/\/www.google.com\/intl\/es\/policies\/technologies\/types\/\">tipo de cookies utilizan<\/a>.<\/p>\n\n\n\n<p><strong>Relaci\u00f3n y descripci\u00f3n de cookies:<\/strong><\/p>\n\n\n\n<p>Las tablas que publicamos a continuaci\u00f3n recogen de forma esquematizada las cookies anteriormente descritas y utilizadas en el sitio web de <strong>RA\u00daL MU\u00d1OZ PORRO<\/strong><\/p>\n\n\n\n<figure class=\"wp-block-table\"><table><tbody><tr><td><strong>Nombre de cookie<\/strong><\/td><td><strong>Dominio de cookie<\/strong><\/td><td><strong>Expira<\/strong> <strong>(sesi\u00f3n, permanente)<\/strong><\/td><td><strong>Uso de cookie<\/strong> <strong>(Requerida-Funcional-Terceros\/Publicidad)<\/strong><\/td><\/tr><tr><td>_utma<\/td><td><a href=\"http:\/\/www.colorinsinfin.es\/\">www.serviciosat.es<\/a><\/td><td>2 a\u00f1os<\/td><td>Funcional (Google Analytics)<\/td><\/tr><tr><td>_utmb<\/td><td><a href=\"http:\/\/www.colorinsinfin.es\/\">www.serviciosat.es<\/a><\/td><td>Sesi\u00f3n<\/td><td>Funcional (Google Analytics)<\/td><\/tr><tr><td>_utmc<\/td><td><a href=\"http:\/\/www.colorinsinfin.es\/\">www.serviciosat.es<\/a><\/td><td>Sesi\u00f3n<\/td><td>Funcional (Google Analytics)<\/td><\/tr><tr><td>_utmz<\/td><td><a href=\"http:\/\/www.colorinsinfin.es\/\">www.serviciosat.es<\/a><\/td><td>6 meses<\/td><td>Funcional (Google Analytics)<\/td><\/tr><tr><td>ASPSESSIONIDQSTRDDDS<\/td><td><a href=\"http:\/\/www.colorinsinfin.es\/\">www.serviciosat.es<\/a><\/td><td>Sesi\u00f3n<\/td><td>&nbsp;<\/td><\/tr><tr><td>wordpress_<\/td><td><a href=\"http:\/\/www.colorinsinfin.es\/\">www.serviciosat.es<\/a><\/td><td>Hasta el final de la sesi\u00f3n<\/td><td>Identifica a un usuario registrado<\/td><\/tr><tr><td>wordpress_test_cookie<\/td><td><a href=\"http:\/\/www.colorinsinfin.es\/\">www.serviciosat.es<\/a><\/td><td>Hasta el final de la sesi\u00f3n<\/td><td>Identifica a un usuario registrado<\/td><\/tr><tr><td>wordpress_logged_in_<\/td><td><a href=\"http:\/\/www.colorinsinfin.es\/\">www.serviciosat.es<\/a><\/td><td>Hasta el final de la sesi\u00f3n<\/td><td>Identifica a un usuario registrado<\/td><\/tr><tr><td>__wp-settings<\/td><td><a href=\"http:\/\/www.colorinsinfin.es\/\">www.serviciosat.es<\/a><\/td><td>Caduca en 1 a\u00f1o<\/td><td>Esta cookie se utiliza para personalizar el interfaz de usuario<\/td><\/tr><tr><td>__wp-settings-time<\/td><td><a href=\"http:\/\/www.colorinsinfin.es\/\">www.serviciosat.es<\/a><\/td><td>Caduca en 1 a\u00f1o<\/td><td>Esta cookie se utiliza para personalizar el interfaz de usuario<\/td><\/tr><\/tbody><\/table><\/figure>\n\n\n\n<p>Para m\u00e1s informaci\u00f3n: <a href=\"https:\/\/www.aepd.es\/guias\/index.html\">https:\/\/www.aepd.es\/guias\/index.htmlv<\/a><\/p>","protected":false},"excerpt":{"rendered":"<p>El dominio www.serviciosat.es utiliza procedimientos autom\u00e1ticos de recogida (Cookies) para reunir informaci\u00f3n personal como puede ser el tipo de navegador o sistema operativo, p\u00e1gina de referencia, ruta, dominio ISP (Proveedor de Internet), etc. todo ello con el fin de mejorar los servicios prestados. Las Cookies nos ayudan a adaptar esta p\u00e1gina web a sus necesidades [&hellip;]<\/p>","protected":false},"author":1,"featured_media":0,"parent":0,"menu_order":0,"comment_status":"closed","ping_status":"closed","template":"","meta":{"footnotes":""},"class_list":["post-94","page","type-page","status-publish","hentry"],"yoast_head":"<!-- This site is optimized with the Yoast SEO plugin v25.3.1 - https:\/\/yoast.com\/wordpress\/plugins\/seo\/ -->\n<title>Profesionales en Mantenimiento e Instalaciones<\/title>\n<meta name=\"robots\" content=\"noindex, follow\" \/>\n<meta property=\"og:locale\" content=\"en_GB\" \/>\n<meta property=\"og:type\" content=\"article\" \/>\n<meta property=\"og:title\" content=\"Profesionales en Mantenimiento e Instalaciones\" \/>\n<meta property=\"og:description\" content=\"El dominio www.serviciosat.es utiliza procedimientos autom\u00e1ticos de recogida (Cookies) para reunir informaci\u00f3n personal como puede ser el tipo de navegador o sistema operativo, p\u00e1gina de referencia, ruta, dominio ISP (Proveedor de Internet), etc. todo ello con el fin de mejorar los servicios prestados. Las Cookies nos ayudan a adaptar esta p\u00e1gina web a sus necesidades [&hellip;]\" \/>\n<meta property=\"og:url\" content=\"https:\/\/www.serviciosat.es\/en\/politica-de-cookies\/\" \/>\n<meta property=\"og:site_name\" content=\"ServicioSat\" \/>\n<meta property=\"article:modified_time\" content=\"2024-10-23T08:21:41+00:00\" \/>\n<meta name=\"twitter:card\" content=\"summary_large_image\" \/>\n<meta name=\"twitter:label1\" content=\"Estimated reading time\" \/>\n\t<meta name=\"twitter:data1\" content=\"6 minutes\" \/>\n<script type=\"application\/ld+json\" class=\"yoast-schema-graph\">{\"@context\":\"https:\/\/schema.org\",\"@graph\":[{\"@type\":\"WebPage\",\"@id\":\"https:\/\/www.serviciosat.es\/politica-de-cookies\/\",\"url\":\"https:\/\/www.serviciosat.es\/politica-de-cookies\/\",\"name\":\"Profesionales en Mantenimiento e Instalaciones\",\"isPartOf\":{\"@id\":\"https:\/\/www.serviciosat.es\/#website\"},\"datePublished\":\"2024-06-18T11:25:15+00:00\",\"dateModified\":\"2024-10-23T08:21:41+00:00\",\"breadcrumb\":{\"@id\":\"https:\/\/www.serviciosat.es\/politica-de-cookies\/#breadcrumb\"},\"inLanguage\":\"en-GB\",\"potentialAction\":[{\"@type\":\"ReadAction\",\"target\":[\"https:\/\/www.serviciosat.es\/politica-de-cookies\/\"]}]},{\"@type\":\"BreadcrumbList\",\"@id\":\"https:\/\/www.serviciosat.es\/politica-de-cookies\/#breadcrumb\",\"itemListElement\":[{\"@type\":\"ListItem\",\"position\":1,\"name\":\"Portada\",\"item\":\"https:\/\/www.serviciosat.es\/\"},{\"@type\":\"ListItem\",\"position\":2,\"name\":\"Pol\u00edtica de cookies\"}]},{\"@type\":\"WebSite\",\"@id\":\"https:\/\/www.serviciosat.es\/#website\",\"url\":\"https:\/\/www.serviciosat.es\/\",\"name\":\"SericioSat\",\"description\":\"Profesionales en Mantenimiento e Instalaciones\",\"publisher\":{\"@id\":\"https:\/\/www.serviciosat.es\/#organization\"},\"potentialAction\":[{\"@type\":\"SearchAction\",\"target\":{\"@type\":\"EntryPoint\",\"urlTemplate\":\"https:\/\/www.serviciosat.es\/?s={search_term_string}\"},\"query-input\":{\"@type\":\"PropertyValueSpecification\",\"valueRequired\":true,\"valueName\":\"search_term_string\"}}],\"inLanguage\":\"en-GB\"},{\"@type\":\"Organization\",\"@id\":\"https:\/\/www.serviciosat.es\/#organization\",\"name\":\"SericioSat\",\"url\":\"https:\/\/www.serviciosat.es\/\",\"logo\":{\"@type\":\"ImageObject\",\"inLanguage\":\"en-GB\",\"@id\":\"https:\/\/www.serviciosat.es\/#\/schema\/logo\/image\/\",\"url\":\"https:\/\/www.serviciosat.es\/wp-content\/uploads\/2024\/06\/ServicioSAT2.jpg\",\"contentUrl\":\"https:\/\/www.serviciosat.es\/wp-content\/uploads\/2024\/06\/ServicioSAT2.jpg\",\"width\":473,\"height\":265,\"caption\":\"SericioSat\"},\"image\":{\"@id\":\"https:\/\/www.serviciosat.es\/#\/schema\/logo\/image\/\"}}]}<\/script>\n<!-- \/ Yoast SEO plugin. -->","yoast_head_json":{"title":"Profesionales en Mantenimiento e Instalaciones","robots":{"index":"noindex","follow":"follow"},"og_locale":"en_GB","og_type":"article","og_title":"Profesionales en Mantenimiento e Instalaciones","og_description":"El dominio www.serviciosat.es utiliza procedimientos autom\u00e1ticos de recogida (Cookies) para reunir informaci\u00f3n personal como puede ser el tipo de navegador o sistema operativo, p\u00e1gina de referencia, ruta, dominio ISP (Proveedor de Internet), etc. todo ello con el fin de mejorar los servicios prestados. Las Cookies nos ayudan a adaptar esta p\u00e1gina web a sus necesidades [&hellip;]","og_url":"https:\/\/www.serviciosat.es\/en\/politica-de-cookies\/","og_site_name":"ServicioSat","article_modified_time":"2024-10-23T08:21:41+00:00","twitter_card":"summary_large_image","twitter_misc":{"Estimated reading time":"6 minutes"},"schema":{"@context":"https:\/\/schema.org","@graph":[{"@type":"WebPage","@id":"https:\/\/www.serviciosat.es\/politica-de-cookies\/","url":"https:\/\/www.serviciosat.es\/politica-de-cookies\/","name":"Profesionales en Mantenimiento e Instalaciones","isPartOf":{"@id":"https:\/\/www.serviciosat.es\/#website"},"datePublished":"2024-06-18T11:25:15+00:00","dateModified":"2024-10-23T08:21:41+00:00","breadcrumb":{"@id":"https:\/\/www.serviciosat.es\/politica-de-cookies\/#breadcrumb"},"inLanguage":"en-GB","potentialAction":[{"@type":"ReadAction","target":["https:\/\/www.serviciosat.es\/politica-de-cookies\/"]}]},{"@type":"BreadcrumbList","@id":"https:\/\/www.serviciosat.es\/politica-de-cookies\/#breadcrumb","itemListElement":[{"@type":"ListItem","position":1,"name":"Portada","item":"https:\/\/www.serviciosat.es\/"},{"@type":"ListItem","position":2,"name":"Pol\u00edtica de cookies"}]},{"@type":"WebSite","@id":"https:\/\/www.serviciosat.es\/#website","url":"https:\/\/www.serviciosat.es\/","name":"SericioSat","description":"Profesionales en Mantenimiento e Instalaciones","publisher":{"@id":"https:\/\/www.serviciosat.es\/#organization"},"potentialAction":[{"@type":"SearchAction","target":{"@type":"EntryPoint","urlTemplate":"https:\/\/www.serviciosat.es\/?s={search_term_string}"},"query-input":{"@type":"PropertyValueSpecification","valueRequired":true,"valueName":"search_term_string"}}],"inLanguage":"en-GB"},{"@type":"Organization","@id":"https:\/\/www.serviciosat.es\/#organization","name":"SericioSat","url":"https:\/\/www.serviciosat.es\/","logo":{"@type":"ImageObject","inLanguage":"en-GB","@id":"https:\/\/www.serviciosat.es\/#\/schema\/logo\/image\/","url":"https:\/\/www.serviciosat.es\/wp-content\/uploads\/2024\/06\/ServicioSAT2.jpg","contentUrl":"https:\/\/www.serviciosat.es\/wp-content\/uploads\/2024\/06\/ServicioSAT2.jpg","width":473,"height":265,"caption":"SericioSat"},"image":{"@id":"https:\/\/www.serviciosat.es\/#\/schema\/logo\/image\/"}}]}},"_links":{"self":[{"href":"http:\/\/www.serviciosat.es\/en\/wp-json\/wp\/v2\/pages\/94","targetHints":{"allow":["GET"]}}],"collection":[{"href":"http:\/\/www.serviciosat.es\/en\/wp-json\/wp\/v2\/pages"}],"about":[{"href":"http:\/\/www.serviciosat.es\/en\/wp-json\/wp\/v2\/types\/page"}],"author":[{"embeddable":true,"href":"http:\/\/www.serviciosat.es\/en\/wp-json\/wp\/v2\/users\/1"}],"replies":[{"embeddable":true,"href":"http:\/\/www.serviciosat.es\/en\/wp-json\/wp\/v2\/comments?post=94"}],"version-history":[{"count":2,"href":"http:\/\/www.serviciosat.es\/en\/wp-json\/wp\/v2\/pages\/94\/revisions"}],"predecessor-version":[{"id":325,"href":"http:\/\/www.serviciosat.es\/en\/wp-json\/wp\/v2\/pages\/94\/revisions\/325"}],"wp:attachment":[{"href":"http:\/\/www.serviciosat.es\/en\/wp-json\/wp\/v2\/media?parent=94"}],"curies":[{"name":"wp","href":"https:\/\/api.w.org\/{rel}","templated":true}]}}